{"id":140,"date":"2018-05-29T19:55:11","date_gmt":"2018-05-29T17:55:11","guid":{"rendered":"https:\/\/atelierdimarco.ch\/?page_id=140"},"modified":"2018-06-07T13:39:16","modified_gmt":"2018-06-07T11:39:16","slug":"unser-tun","status":"publish","type":"page","link":"https:\/\/atelierdimarco.ch\/?page_id=140","title":{"rendered":"UNSER TUN"},"content":{"rendered":"<p>&nbsp;<\/p>\n<p>&nbsp;<\/p>\n<p style=\"text-align: center;\"><span style=\"color: #808080;\"><strong>\u00abWir haben keine Spezialisierung, keinen Stil, nur eine Absicht.\u00bb<\/strong><\/span><\/p>\n<p>&nbsp;<\/p>\n<p style=\"text-align: center;\"><span style=\"color: #808080;\">Das Atelier Di Marco wurde 2018 von Salvatore Di Marco in Z\u00fcrich gegr\u00fcndet, um mit Erinnerungen zuk\u00fcnftige Projekte zu realisieren.<\/span><\/p>\n<p style=\"text-align: center;\"><span style=\"color: #808080;\">Wir sehen uns in der Verantwortung, dem Menschen seinen zuk\u00fcnftigen Raum zu schaffen.<\/span><\/p>\n<p style=\"text-align: center;\"><span style=\"color: #808080;\">Unsere Aufgabe ist es, Visionen zu erm\u00f6glichen, Konzepte zu definieren und im Detail nach deren Ausf\u00fchrung zu suchen.<\/span><\/p>\n<p style=\"text-align: center;\"><span style=\"color: #808080;\">Architektur ist fast allgegenw\u00e4rtig, umso bewusster m\u00fcssen wir Projekte realisieren. Alles, was wir bis anhin erfahren und geschaffen haben,<\/span><\/p>\n<p style=\"text-align: center;\"><span style=\"color: #808080;\">wird dieses Vorhaben unterst\u00fctzen.<\/span><\/p>\n<p>&nbsp;<\/p>\n<p>&nbsp;<\/p>\n<p>&nbsp;<\/p>\n<p>&nbsp;<\/p>\n","protected":false},"excerpt":{"rendered":"&nbsp; &nbsp; \u00abWir haben keine Spezialisierung, keinen Stil, nur eine Absicht.\u00bb &nbsp; Das Atelier Di Marco wurde 2018 von Salvatore Di Marco in Z\u00fcrich gegr\u00fcndet, um mit Erinnerungen zuk\u00fcnftige Projekte zu realisieren. Wir sehen uns in der Verantwortung, dem Menschen seinen zuk\u00fcnftigen Raum zu schaffen. Unsere Aufgabe ist es, Visionen zu erm\u00f6glichen, Konzepte zu definieren&#8230;","protected":false},"author":1,"featured_media":234,"parent":0,"menu_order":0,"comment_status":"closed","ping_status":"closed","template":"","meta":{"footnotes":""},"_links":{"self":[{"href":"https:\/\/atelierdimarco.ch\/index.php?rest_route=\/wp\/v2\/pages\/140"}],"collection":[{"href":"https:\/\/atelierdimarco.ch\/index.php?rest_route=\/wp\/v2\/pages"}],"about":[{"href":"https:\/\/atelierdimarco.ch\/index.php?rest_route=\/wp\/v2\/types\/page"}],"author":[{"embeddable":true,"href":"https:\/\/atelierdimarco.ch\/index.php?rest_route=\/wp\/v2\/users\/1"}],"replies":[{"embeddable":true,"href":"https:\/\/atelierdimarco.ch\/index.php?rest_route=%2Fwp%2Fv2%2Fcomments&post=140"}],"version-history":[{"count":23,"href":"https:\/\/atelierdimarco.ch\/index.php?rest_route=\/wp\/v2\/pages\/140\/revisions"}],"predecessor-version":[{"id":487,"href":"https:\/\/atelierdimarco.ch\/index.php?rest_route=\/wp\/v2\/pages\/140\/revisions\/487"}],"wp:featuredmedia":[{"embeddable":true,"href":"https:\/\/atelierdimarco.ch\/index.php?rest_route=\/wp\/v2\/media\/234"}],"wp:attachment":[{"href":"https:\/\/atelierdimarco.ch\/index.php?rest_route=%2Fwp%2Fv2%2Fmedia&parent=140"}],"curies":[{"name":"wp","href":"https:\/\/api.w.org\/{rel}","templated":true}]}}